{"id":9882,"date":"2023-09-26T09:50:46","date_gmt":"2023-09-26T09:50:46","guid":{"rendered":"https:\/\/atmsfoundation.org\/?page_id=9882"},"modified":"2024-04-08T10:00:14","modified_gmt":"2024-04-08T10:00:14","slug":"grants","status":"publish","type":"page","link":"https:\/\/atmsfoundation.org\/fr\/grants\/","title":{"rendered":"SUBVENTIONS"},"content":{"rendered":"<div data-elementor-type=\"wp-page\" data-elementor-id=\"9882\" class=\"elementor elementor-9882\">\n\t\t\t\t\t\t<section class=\"elementor-section elementor-top-section elementor-element elementor-element-1f98515 elementor-section-boxed elementor-section-height-default elementor-section-height-default\" data-id=\"1f98515\" data-element_type=\"section\">\n\t\t\t\t\t\t<div class=\"elementor-container elementor-column-gap-default\">\n\t\t\t\t\t<div class=\"elementor-column elementor-col-100 elementor-top-column elementor-element elementor-element-9ed8be7\" data-id=\"9ed8be7\" data-element_type=\"column\">\n\t\t\t<div class=\"elementor-widget-wrap elementor-element-populated\">\n\t\t\t\t\t\t<div class=\"elementor-element elementor-element-c409f7c aleft elementor-widget elementor-widget-wgl-double-headings\" data-id=\"c409f7c\" data-element_type=\"widget\" data-widget_type=\"wgl-double-headings.default\">\n\t\t\t\t<div class=\"elementor-widget-container\">\n\t\t\t\t\t        <div class=\"wgl-double_heading\">                <div class=\"dbl__subtitle\"><span>Subventions<\/span>                <\/div><h3 class=\"dbl__title-wrapper\"><span class=\"dbl__title dbl-title_1\">Domaines d'Intervention<\/span><\/h3>        <\/div>\t\t\t\t<\/div>\n\t\t\t\t<\/div>\n\t\t\t\t\t<\/div>\n\t\t<\/div>\n\t\t\t\t\t<\/div>\n\t\t<\/section>\n\t\t\t\t<section class=\"elementor-section elementor-top-section elementor-element elementor-element-e79aa5e elementor-section-boxed elementor-section-height-default elementor-section-height-default\" data-id=\"e79aa5e\" data-element_type=\"section\">\n\t\t\t\t\t\t<div class=\"elementor-container elementor-column-gap-default\">\n\t\t\t\t\t<div class=\"elementor-column elementor-col-100 elementor-top-column elementor-element elementor-element-672c648\" data-id=\"672c648\" data-element_type=\"column\">\n\t\t\t<div class=\"elementor-widget-wrap elementor-element-populated\">\n\t\t\t\t\t\t<section class=\"elementor-section elementor-inner-section elementor-element elementor-element-294c035 elementor-section-boxed elementor-section-height-default elementor-section-height-default\" data-id=\"294c035\" data-element_type=\"section\">\n\t\t\t\t\t\t<div class=\"elementor-container elementor-column-gap-default\">\n\t\t\t\t\t<div class=\"elementor-column elementor-col-50 elementor-inner-column elementor-element elementor-element-74e4887\" data-id=\"74e4887\" data-element_type=\"column\">\n\t\t\t<div class=\"elementor-widget-wrap elementor-element-populated\">\n\t\t\t\t\t\t<div class=\"elementor-element elementor-element-ac6505e elementor-widget elementor-widget-text-editor\" data-id=\"ac6505e\" data-element_type=\"widget\" data-widget_type=\"text-editor.default\">\n\t\t\t\t<div class=\"elementor-widget-container\">\n\t\t\t\t\t\t\t\t\t<p>La Fondation ATMS soutient des organisations et des communaut\u00e9s africaines ayant un impact dans un ou plusieurs des domaines suivants :<\/p><ul><li><strong><span style=\"color: #941010;\">Capacity Building (Education, Employability)<\/span><\/strong><\/li><li><strong><span style=\"color: #941010;\">Sant\u00e9 et Bien-\u00eatre<\/span><\/strong><\/li><li><strong><span style=\"color: #941010;\">Changement Climatique      .<\/span><\/strong><\/li><li><strong><span style=\"color: #941010;\">Durabilit\u00e9 (\u00e9conomique, d'entreprise, environnementale, sociale)<\/span><\/strong><\/li><li><strong><span style=\"color: #941010;\">Inclusion du Genre &amp; Autonomisation des Femmes<\/span><\/strong><\/li><\/ul><p>Ces domaines de d\u00e9veloppement correspondent \u00e0 l'objectif de la Fondation ATMS et nous permettent de travailler ensemble pour maximiser le soutien apport\u00e9 aux organisations et aux communaut\u00e9s africaines.\u00a0<\/p>\t\t\t\t\t\t\t\t<\/div>\n\t\t\t\t<\/div>\n\t\t\t\t\t<\/div>\n\t\t<\/div>\n\t\t\t\t<div class=\"elementor-column elementor-col-50 elementor-inner-column elementor-element elementor-element-e99b603\" data-id=\"e99b603\" data-element_type=\"column\">\n\t\t\t<div class=\"elementor-widget-wrap elementor-element-populated\">\n\t\t\t\t\t\t<div class=\"elementor-element elementor-element-af9235d elementor-widget elementor-widget-image\" data-id=\"af9235d\" data-element_type=\"widget\" data-widget_type=\"image.default\">\n\t\t\t\t<div class=\"elementor-widget-container\">\n\t\t\t\t\t\t\t\t\t\t\t\t\t\t\t<img fetchpriority=\"high\" decoding=\"async\" width=\"900\" height=\"319\" src=\"https:\/\/atmsfoundation.org\/wp-content\/uploads\/2023\/09\/education-e1695735788465.jpg\" class=\"attachment-large size-large wp-image-9954\" alt=\"\" srcset=\"https:\/\/atmsfoundation.org\/wp-content\/uploads\/2023\/09\/education-e1695735788465.jpg 900w, https:\/\/atmsfoundation.org\/wp-content\/uploads\/2023\/09\/education-e1695735788465-300x106.jpg 300w, https:\/\/atmsfoundation.org\/wp-content\/uploads\/2023\/09\/education-e1695735788465-768x272.jpg 768w, https:\/\/atmsfoundation.org\/wp-content\/uploads\/2023\/09\/education-e1695735788465-18x6.jpg 18w\" sizes=\"(max-width: 900px) 100vw, 900px\" \/>\t\t\t\t\t\t\t\t\t\t\t\t\t\t\t<\/div>\n\t\t\t\t<\/div>\n\t\t\t\t<div class=\"elementor-element elementor-element-721cf84 elementor-widget elementor-widget-image\" data-id=\"721cf84\" data-element_type=\"widget\" data-widget_type=\"image.default\">\n\t\t\t\t<div class=\"elementor-widget-container\">\n\t\t\t\t\t\t\t\t\t\t\t\t\t\t\t<img decoding=\"async\" width=\"996\" height=\"340\" src=\"https:\/\/atmsfoundation.org\/wp-content\/uploads\/2023\/09\/training2-e1695736412358.jpg\" class=\"attachment-large size-large wp-image-9964\" alt=\"\" srcset=\"https:\/\/atmsfoundation.org\/wp-content\/uploads\/2023\/09\/training2-e1695736412358.jpg 996w, https:\/\/atmsfoundation.org\/wp-content\/uploads\/2023\/09\/training2-e1695736412358-300x102.jpg 300w, https:\/\/atmsfoundation.org\/wp-content\/uploads\/2023\/09\/training2-e1695736412358-768x262.jpg 768w, https:\/\/atmsfoundation.org\/wp-content\/uploads\/2023\/09\/training2-e1695736412358-18x6.jpg 18w\" sizes=\"(max-width: 996px) 100vw, 996px\" \/>\t\t\t\t\t\t\t\t\t\t\t\t\t\t\t<\/div>\n\t\t\t\t<\/div>\n\t\t\t\t\t<\/div>\n\t\t<\/div>\n\t\t\t\t\t<\/div>\n\t\t<\/section>\n\t\t\t\t<div class=\"elementor-element elementor-element-017437e elementor-widget elementor-widget-spacer\" data-id=\"017437e\" data-element_type=\"widget\" data-widget_type=\"spacer.default\">\n\t\t\t\t<div class=\"elementor-widget-container\">\n\t\t\t\t\t\t\t<div class=\"elementor-spacer\">\n\t\t\t<div class=\"elementor-spacer-inner\"><\/div>\n\t\t<\/div>\n\t\t\t\t\t\t<\/div>\n\t\t\t\t<\/div>\n\t\t\t\t\t<\/div>\n\t\t<\/div>\n\t\t\t\t\t<\/div>\n\t\t<\/section>\n\t\t\t\t<section class=\"elementor-section elementor-top-section elementor-element elementor-element-9bf0117 elementor-section-boxed elementor-section-height-default elementor-section-height-default\" data-id=\"9bf0117\" data-element_type=\"section\">\n\t\t\t\t\t\t<div class=\"elementor-container elementor-column-gap-default\">\n\t\t\t\t\t<div class=\"elementor-column elementor-col-100 elementor-top-column elementor-element elementor-element-12fc01f\" data-id=\"12fc01f\" data-element_type=\"column\">\n\t\t\t<div class=\"elementor-widget-wrap elementor-element-populated\">\n\t\t\t\t\t\t<div class=\"elementor-element elementor-element-b8f315d elementor-widget elementor-widget-heading\" data-id=\"b8f315d\" data-element_type=\"widget\" data-widget_type=\"heading.default\">\n\t\t\t\t<div class=\"elementor-widget-container\">\n\t\t\t\t\t<h3 class=\"elementor-heading-title elementor-size-default\">Comment Postuler<\/h3>\t\t\t\t<\/div>\n\t\t\t\t<\/div>\n\t\t\t\t<div class=\"elementor-element elementor-element-d07be41 elementor-widget elementor-widget-text-editor\" data-id=\"d07be41\" data-element_type=\"widget\" data-widget_type=\"text-editor.default\">\n\t\t\t\t<div class=\"elementor-widget-container\">\n\t\t\t\t\t\t\t\t\t<p>Si vous \u00eates une organisation enregistr\u00e9e travaillant dans un pays o\u00f9 la Fondation ATMS est pr\u00e9sente et que vous souhaitez faire une demande de subvention, veuillez remplir le formulaire de demande en ligne de la Fondation ATMS.<\/p><p>Seules les demandes re\u00e7ues par le biais de la proc\u00e9dure de candidature en ligne seront prises en consid\u00e9ration.<\/p><p>Veuillez vous r\u00e9f\u00e9rer au\u00a0<a href=\"\/wp-content\/uploads\/2023\/10\/ATMS_Foundation_Grant_Guidelines_September_2023.pdf\"><strong><span style=\"color: #961515;\">Guide des Subventions<\/span><\/strong><\/a>\u00a0avant de soumettre votre demande.<\/p>\t\t\t\t\t\t\t\t<\/div>\n\t\t\t\t<\/div>\n\t\t\t\t<div class=\"elementor-element elementor-element-117bb21 elementor-align-left elementor-widget elementor-widget-button\" data-id=\"117bb21\" data-element_type=\"widget\" data-widget_type=\"button.default\">\n\t\t\t\t<div class=\"elementor-widget-container\">\n\t\t\t\t\t\t\t\t\t<div class=\"elementor-button-wrapper\">\n\t\t\t\t\t<a class=\"elementor-button elementor-button-link elementor-size-sm\" href=\"\/fr\/application-form\/\">\n\t\t\t\t\t\t<span class=\"elementor-button-content-wrapper\">\n\t\t\t\t\t\t<span class=\"elementor-button-icon\">\n\t\t\t\t<i aria-hidden=\"true\" class=\"far fa-file\"><\/i>\t\t\t<\/span>\n\t\t\t\t\t\t\t\t\t<span class=\"elementor-button-text\">REMPLIR LE FORMULAIRE DE DEMANDE DE SUBVENTION<\/span>\n\t\t\t\t\t<\/span>\n\t\t\t\t\t<\/a>\n\t\t\t\t<\/div>\n\t\t\t\t\t\t\t\t<\/div>\n\t\t\t\t<\/div>\n\t\t\t\t<div class=\"elementor-element elementor-element-f208adb elementor-widget elementor-widget-spacer\" data-id=\"f208adb\" data-element_type=\"widget\" data-widget_type=\"spacer.default\">\n\t\t\t\t<div class=\"elementor-widget-container\">\n\t\t\t\t\t\t\t<div class=\"elementor-spacer\">\n\t\t\t<div class=\"elementor-spacer-inner\"><\/div>\n\t\t<\/div>\n\t\t\t\t\t\t<\/div>\n\t\t\t\t<\/div>\n\t\t\t\t\t<\/div>\n\t\t<\/div>\n\t\t\t\t\t<\/div>\n\t\t<\/section>\n\t\t\t\t<section class=\"elementor-section elementor-top-section elementor-element elementor-element-e85499a elementor-section-boxed elementor-section-height-default elementor-section-height-default\" data-id=\"e85499a\" data-element_type=\"section\">\n\t\t\t\t\t\t<div class=\"elementor-container elementor-column-gap-default\">\n\t\t\t\t\t<div class=\"elementor-column elementor-col-100 elementor-top-column elementor-element elementor-element-90f2b0c\" data-id=\"90f2b0c\" data-element_type=\"column\">\n\t\t\t<div class=\"elementor-widget-wrap elementor-element-populated\">\n\t\t\t\t\t\t<div class=\"elementor-element elementor-element-43ba7a6 elementor-widget elementor-widget-heading\" data-id=\"43ba7a6\" data-element_type=\"widget\" data-widget_type=\"heading.default\">\n\t\t\t\t<div class=\"elementor-widget-container\">\n\t\t\t\t\t<h3 class=\"elementor-heading-title elementor-size-default\">Guide des Subventions<\/h3>\t\t\t\t<\/div>\n\t\t\t\t<\/div>\n\t\t\t\t\t<\/div>\n\t\t<\/div>\n\t\t\t\t\t<\/div>\n\t\t<\/section>\n\t\t\t\t<section class=\"elementor-section elementor-top-section elementor-element elementor-element-a24a0f0 elementor-section-boxed elementor-section-height-default elementor-section-height-default\" data-id=\"a24a0f0\" data-element_type=\"section\">\n\t\t\t\t\t\t<div class=\"elementor-container elementor-column-gap-default\">\n\t\t\t\t\t<div class=\"elementor-column elementor-col-100 elementor-top-column elementor-element elementor-element-85959ec\" data-id=\"85959ec\" data-element_type=\"column\">\n\t\t\t<div class=\"elementor-widget-wrap elementor-element-populated\">\n\t\t\t\t\t\t<div class=\"elementor-element elementor-element-2ba602b elementor-widget elementor-widget-text-editor\" data-id=\"2ba602b\" data-element_type=\"widget\" data-widget_type=\"text-editor.default\">\n\t\t\t\t<div class=\"elementor-widget-container\">\n\t\t\t\t\t\t\t\t\t<p>Pour plus d'informations sur le type de projets soutenus par la Fondation ATMS et sur le fonctionnement de notre processus de candidature, veuillez t\u00e9l\u00e9charger le document suivant\u00a0<a href=\"\/wp-content\/uploads\/2023\/10\/ATMS_Foundation_Grant_Guidelines_September_2023.pdf\">Guide des Subventions de la Fondation ATMS<\/a>.<\/p>\t\t\t\t\t\t\t\t<\/div>\n\t\t\t\t<\/div>\n\t\t\t\t\t<\/div>\n\t\t<\/div>\n\t\t\t\t\t<\/div>\n\t\t<\/section>\n\t\t\t\t<section class=\"elementor-section elementor-top-section elementor-element elementor-element-25e698a elementor-section-boxed elementor-section-height-default elementor-section-height-default\" data-id=\"25e698a\" data-element_type=\"section\">\n\t\t\t\t\t\t<div class=\"elementor-container elementor-column-gap-default\">\n\t\t\t\t\t<div class=\"elementor-column elementor-col-100 elementor-top-column elementor-element elementor-element-88212d3\" data-id=\"88212d3\" data-element_type=\"column\">\n\t\t\t<div class=\"elementor-widget-wrap elementor-element-populated\">\n\t\t\t\t\t\t<div class=\"elementor-element elementor-element-0583069 elementor-align-left elementor-widget elementor-widget-button\" data-id=\"0583069\" data-element_type=\"widget\" data-widget_type=\"button.default\">\n\t\t\t\t<div class=\"elementor-widget-container\">\n\t\t\t\t\t\t\t\t\t<div class=\"elementor-button-wrapper\">\n\t\t\t\t\t<a class=\"elementor-button elementor-button-link elementor-size-sm\" href=\"\/wp-content\/uploads\/2023\/10\/ATMS_Foundation_Grant_Guidelines_September_2023.pdf\" target=\"_blank\">\n\t\t\t\t\t\t<span class=\"elementor-button-content-wrapper\">\n\t\t\t\t\t\t<span class=\"elementor-button-icon\">\n\t\t\t\t<i aria-hidden=\"true\" class=\"fas fa-file-download\"><\/i>\t\t\t<\/span>\n\t\t\t\t\t\t\t\t\t<span class=\"elementor-button-text\">T\u00c9L\u00c9CHARGER LE GUIDE DES SUBVENTIONS DE LA FONDATION ATMS<\/span>\n\t\t\t\t\t<\/span>\n\t\t\t\t\t<\/a>\n\t\t\t\t<\/div>\n\t\t\t\t\t\t\t\t<\/div>\n\t\t\t\t<\/div>\n\t\t\t\t\t<\/div>\n\t\t<\/div>\n\t\t\t\t\t<\/div>\n\t\t<\/section>\n\t\t\t\t<\/div>","protected":false},"excerpt":{"rendered":"<p>Grants Areas of Support The ATMS Foundation supports African organizations and communities with an impact in one or more of the following areas: Capacity Building (Education, Employability) Health and wellbeing Climate Change Sustainability (Economic, Corporate, Environmental, Social) Gender Inclusion &amp; Women Empowerment These developmental areas are align to ATMS Foundation&#8217;s purpose and enable us to [&hellip;]<\/p>","protected":false},"author":1,"featured_media":0,"parent":0,"menu_order":0,"comment_status":"closed","ping_status":"closed","template":"","meta":{"footnotes":""},"class_list":["post-9882","page","type-page","status-publish","hentry"],"_links":{"self":[{"href":"https:\/\/atmsfoundation.org\/fr\/wp-json\/wp\/v2\/pages\/9882","targetHints":{"allow":["GET"]}}],"collection":[{"href":"https:\/\/atmsfoundation.org\/fr\/wp-json\/wp\/v2\/pages"}],"about":[{"href":"https:\/\/atmsfoundation.org\/fr\/wp-json\/wp\/v2\/types\/page"}],"author":[{"embeddable":true,"href":"https:\/\/atmsfoundation.org\/fr\/wp-json\/wp\/v2\/users\/1"}],"replies":[{"embeddable":true,"href":"https:\/\/atmsfoundation.org\/fr\/wp-json\/wp\/v2\/comments?post=9882"}],"version-history":[{"count":119,"href":"https:\/\/atmsfoundation.org\/fr\/wp-json\/wp\/v2\/pages\/9882\/revisions"}],"predecessor-version":[{"id":11028,"href":"https:\/\/atmsfoundation.org\/fr\/wp-json\/wp\/v2\/pages\/9882\/revisions\/11028"}],"wp:attachment":[{"href":"https:\/\/atmsfoundation.org\/fr\/wp-json\/wp\/v2\/media?parent=9882"}],"curies":[{"name":"wp","href":"https:\/\/api.w.org\/{rel}","templated":true}]}}