{"id":9379,"date":"2023-09-19T07:27:41","date_gmt":"2023-09-19T07:27:41","guid":{"rendered":"https:\/\/atmsfoundation.org\/?page_id=9379"},"modified":"2023-10-04T15:28:34","modified_gmt":"2023-10-04T15:28:34","slug":"partners","status":"publish","type":"page","link":"https:\/\/atmsfoundation.org\/fr\/partners\/","title":{"rendered":"Nos Partenaires"},"content":{"rendered":"<div data-elementor-type=\"wp-page\" data-elementor-id=\"9379\" class=\"elementor elementor-9379\">\n\t\t\t\t\t\t<section class=\"elementor-section elementor-top-section elementor-element elementor-element-17969c8 elementor-section-boxed elementor-section-height-default elementor-section-height-default\" data-id=\"17969c8\" data-element_type=\"section\">\n\t\t\t\t\t\t<div class=\"elementor-container elementor-column-gap-default\">\n\t\t\t\t\t<div class=\"elementor-column elementor-col-100 elementor-top-column elementor-element elementor-element-7e41bb9\" data-id=\"7e41bb9\" data-element_type=\"column\">\n\t\t\t<div class=\"elementor-widget-wrap elementor-element-populated\">\n\t\t\t\t\t\t<div class=\"elementor-element elementor-element-bbad52c aleft elementor-widget elementor-widget-wgl-double-headings\" data-id=\"bbad52c\" data-element_type=\"widget\" data-widget_type=\"wgl-double-headings.default\">\n\t\t\t\t<div class=\"elementor-widget-container\">\n\t\t\t\t\t        <div class=\"wgl-double_heading\">                <div class=\"dbl__subtitle\"><span>Nos Partenaires<\/span>                <\/div>        <\/div>\t\t\t\t<\/div>\n\t\t\t\t<\/div>\n\t\t\t\t<div class=\"elementor-element elementor-element-2c3061d elementor-widget elementor-widget-text-editor\" data-id=\"2c3061d\" data-element_type=\"widget\" data-widget_type=\"text-editor.default\">\n\t\t\t\t<div class=\"elementor-widget-container\">\n\t\t\t\t\t\t\t\t\t<p>La Fondation ATMS a \u00e9t\u00e9 soutenue par de nombreux partenaires depuis sa cr\u00e9ation en 1989.<\/p>\t\t\t\t\t\t\t\t<\/div>\n\t\t\t\t<\/div>\n\t\t\t\t\t<\/div>\n\t\t<\/div>\n\t\t\t\t\t<\/div>\n\t\t<\/section>\n\t\t\t\t<section class=\"elementor-section elementor-top-section elementor-element elementor-element-5954aff elementor-section-boxed elementor-section-height-default elementor-section-height-default\" data-id=\"5954aff\" data-element_type=\"section\">\n\t\t\t\t\t\t<div class=\"elementor-container elementor-column-gap-default\">\n\t\t\t\t\t<div class=\"elementor-column elementor-col-100 elementor-top-column elementor-element elementor-element-0219e20\" data-id=\"0219e20\" data-element_type=\"column\">\n\t\t\t<div class=\"elementor-widget-wrap elementor-element-populated\">\n\t\t\t\t\t\t<div class=\"elementor-element elementor-element-947bfbd elementor-widget elementor-widget-image-gallery\" data-id=\"947bfbd\" data-element_type=\"widget\" data-widget_type=\"image-gallery.default\">\n\t\t\t\t<div class=\"elementor-widget-container\">\n\t\t\t\t\t\t\t<div class=\"elementor-image-gallery\">\n\t\t\t\n\t\t<style type=\"text\/css\">\n\t\t\t#gallery-1 {\n\t\t\t\tmargin: auto;\n\t\t\t}\n\t\t\t#gallery-1 .gallery-item {\n\t\t\t\tfloat: left;\n\t\t\t\tmargin-top: 10px;\n\t\t\t\ttext-align: center;\n\t\t\t\twidth: 25%;\n\t\t\t}\n\t\t\t#gallery-1 img {\n\t\t\t\tborder: 2px solid #cfcfcf;\n\t\t\t}\n\t\t\t#gallery-1 .gallery-caption {\n\t\t\t\tmargin-left: 0;\n\t\t\t}\n\t\t\t\/* see gallery_shortcode() in wp-includes\/media.php *\/\n\t\t<\/style>\n\t\t<div id='gallery-1' class='gallery galleryid-9379 gallery-columns-4 gallery-size-thumbnail'><dl class='gallery-item'>\n\t\t\t<dt class='gallery-icon landscape'>\n\t\t\t\t<img decoding=\"async\" width=\"150\" height=\"150\" src=\"https:\/\/atmsfoundation.org\/wp-content\/uploads\/2023\/09\/logo_afd.fw_-150x150.png\" class=\"attachment-thumbnail size-thumbnail\" alt=\"\" aria-describedby=\"gallery-1-9585\" srcset=\"https:\/\/atmsfoundation.org\/wp-content\/uploads\/2023\/09\/logo_afd.fw_-150x150.png 150w, https:\/\/atmsfoundation.org\/wp-content\/uploads\/2023\/09\/logo_afd.fw_-12x12.png 12w, https:\/\/atmsfoundation.org\/wp-content\/uploads\/2023\/09\/logo_afd.fw_-240x240.png 240w, https:\/\/atmsfoundation.org\/wp-content\/uploads\/2023\/09\/logo_afd.fw_.png 300w\" sizes=\"(max-width: 150px) 100vw, 150px\" \/>\n\t\t\t<\/dt>\n\t\t\t\t<dd class='wp-caption-text gallery-caption' id='gallery-1-9585'>\n\t\t\t\tAgence Francaise de D\u00e9veloppement\n\t\t\t\t<\/dd><\/dl><dl class='gallery-item'>\n\t\t\t<dt class='gallery-icon landscape'>\n\t\t\t\t<img decoding=\"async\" width=\"150\" height=\"150\" src=\"https:\/\/atmsfoundation.org\/wp-content\/uploads\/2023\/09\/logo_bad.fw_-150x150.png\" class=\"attachment-thumbnail size-thumbnail\" alt=\"\" aria-describedby=\"gallery-1-9586\" srcset=\"https:\/\/atmsfoundation.org\/wp-content\/uploads\/2023\/09\/logo_bad.fw_-150x150.png 150w, https:\/\/atmsfoundation.org\/wp-content\/uploads\/2023\/09\/logo_bad.fw_-12x12.png 12w, https:\/\/atmsfoundation.org\/wp-content\/uploads\/2023\/09\/logo_bad.fw_-240x240.png 240w, https:\/\/atmsfoundation.org\/wp-content\/uploads\/2023\/09\/logo_bad.fw_.png 300w\" sizes=\"(max-width: 150px) 100vw, 150px\" \/>\n\t\t\t<\/dt>\n\t\t\t\t<dd class='wp-caption-text gallery-caption' id='gallery-1-9586'>\n\t\t\t\tAfrican Development Bank\n\t\t\t\t<\/dd><\/dl><dl class='gallery-item'>\n\t\t\t<dt class='gallery-icon landscape'>\n\t\t\t\t<img decoding=\"async\" width=\"150\" height=\"150\" src=\"https:\/\/atmsfoundation.org\/wp-content\/uploads\/2023\/09\/logo_bpi.fw_-150x150.png\" class=\"attachment-thumbnail size-thumbnail\" alt=\"\" aria-describedby=\"gallery-1-9587\" srcset=\"https:\/\/atmsfoundation.org\/wp-content\/uploads\/2023\/09\/logo_bpi.fw_-150x150.png 150w, https:\/\/atmsfoundation.org\/wp-content\/uploads\/2023\/09\/logo_bpi.fw_-12x12.png 12w, https:\/\/atmsfoundation.org\/wp-content\/uploads\/2023\/09\/logo_bpi.fw_-240x240.png 240w, https:\/\/atmsfoundation.org\/wp-content\/uploads\/2023\/09\/logo_bpi.fw_.png 300w\" sizes=\"(max-width: 150px) 100vw, 150px\" \/>\n\t\t\t<\/dt>\n\t\t\t\t<dd class='wp-caption-text gallery-caption' id='gallery-1-9587'>\n\t\t\t\tBanco Portugu\u00eas de Investimento\n\t\t\t\t<\/dd><\/dl><dl class='gallery-item'>\n\t\t\t<dt class='gallery-icon landscape'>\n\t\t\t\t<img loading=\"lazy\" decoding=\"async\" width=\"150\" height=\"150\" src=\"https:\/\/atmsfoundation.org\/wp-content\/uploads\/2023\/09\/logo_eu.fw_-150x150.png\" class=\"attachment-thumbnail size-thumbnail\" alt=\"\" aria-describedby=\"gallery-1-9588\" srcset=\"https:\/\/atmsfoundation.org\/wp-content\/uploads\/2023\/09\/logo_eu.fw_-150x150.png 150w, https:\/\/atmsfoundation.org\/wp-content\/uploads\/2023\/09\/logo_eu.fw_-12x12.png 12w, https:\/\/atmsfoundation.org\/wp-content\/uploads\/2023\/09\/logo_eu.fw_-240x240.png 240w, https:\/\/atmsfoundation.org\/wp-content\/uploads\/2023\/09\/logo_eu.fw_.png 300w\" sizes=\"(max-width: 150px) 100vw, 150px\" \/>\n\t\t\t<\/dt>\n\t\t\t\t<dd class='wp-caption-text gallery-caption' id='gallery-1-9588'>\n\t\t\t\tEuropean Union\n\t\t\t\t<\/dd><\/dl><br style=\"clear: both\" \/><dl class='gallery-item'>\n\t\t\t<dt class='gallery-icon landscape'>\n\t\t\t\t<img loading=\"lazy\" decoding=\"async\" width=\"150\" height=\"150\" src=\"https:\/\/atmsfoundation.org\/wp-content\/uploads\/2023\/09\/logo_finnfund.fw_-150x150.png\" class=\"attachment-thumbnail size-thumbnail\" alt=\"\" aria-describedby=\"gallery-1-9589\" srcset=\"https:\/\/atmsfoundation.org\/wp-content\/uploads\/2023\/09\/logo_finnfund.fw_-150x150.png 150w, https:\/\/atmsfoundation.org\/wp-content\/uploads\/2023\/09\/logo_finnfund.fw_-12x12.png 12w, https:\/\/atmsfoundation.org\/wp-content\/uploads\/2023\/09\/logo_finnfund.fw_-240x240.png 240w, https:\/\/atmsfoundation.org\/wp-content\/uploads\/2023\/09\/logo_finnfund.fw_.png 300w\" sizes=\"(max-width: 150px) 100vw, 150px\" \/>\n\t\t\t<\/dt>\n\t\t\t\t<dd class='wp-caption-text gallery-caption' id='gallery-1-9589'>\n\t\t\t\tFinnish Fund for Industrial Cooperation Ltd\n\t\t\t\t<\/dd><\/dl><dl class='gallery-item'>\n\t\t\t<dt class='gallery-icon landscape'>\n\t\t\t\t<img loading=\"lazy\" decoding=\"async\" width=\"150\" height=\"150\" src=\"https:\/\/atmsfoundation.org\/wp-content\/uploads\/2023\/09\/logo_fmo.fw_-150x150.png\" class=\"attachment-thumbnail size-thumbnail\" alt=\"\" aria-describedby=\"gallery-1-9590\" srcset=\"https:\/\/atmsfoundation.org\/wp-content\/uploads\/2023\/09\/logo_fmo.fw_-150x150.png 150w, https:\/\/atmsfoundation.org\/wp-content\/uploads\/2023\/09\/logo_fmo.fw_-12x12.png 12w, https:\/\/atmsfoundation.org\/wp-content\/uploads\/2023\/09\/logo_fmo.fw_-240x240.png 240w, https:\/\/atmsfoundation.org\/wp-content\/uploads\/2023\/09\/logo_fmo.fw_.png 300w\" sizes=\"(max-width: 150px) 100vw, 150px\" \/>\n\t\t\t<\/dt>\n\t\t\t\t<dd class='wp-caption-text gallery-caption' id='gallery-1-9590'>\n\t\t\t\tNederlandse Financierings-Maatschappij voor Ontwikkelingslanden N.V.\n\t\t\t\t<\/dd><\/dl><dl class='gallery-item'>\n\t\t\t<dt class='gallery-icon landscape'>\n\t\t\t\t<img loading=\"lazy\" decoding=\"async\" width=\"150\" height=\"150\" src=\"https:\/\/atmsfoundation.org\/wp-content\/uploads\/2023\/09\/logo_ifc.fw_-150x150.png\" class=\"attachment-thumbnail size-thumbnail\" alt=\"\" aria-describedby=\"gallery-1-9591\" srcset=\"https:\/\/atmsfoundation.org\/wp-content\/uploads\/2023\/09\/logo_ifc.fw_-150x150.png 150w, https:\/\/atmsfoundation.org\/wp-content\/uploads\/2023\/09\/logo_ifc.fw_-12x12.png 12w, https:\/\/atmsfoundation.org\/wp-content\/uploads\/2023\/09\/logo_ifc.fw_-240x240.png 240w, https:\/\/atmsfoundation.org\/wp-content\/uploads\/2023\/09\/logo_ifc.fw_.png 300w\" sizes=\"(max-width: 150px) 100vw, 150px\" \/>\n\t\t\t<\/dt>\n\t\t\t\t<dd class='wp-caption-text gallery-caption' id='gallery-1-9591'>\n\t\t\t\tInternational Finance Corporation\n\t\t\t\t<\/dd><\/dl><dl class='gallery-item'>\n\t\t\t<dt class='gallery-icon landscape'>\n\t\t\t\t<img loading=\"lazy\" decoding=\"async\" width=\"150\" height=\"150\" src=\"https:\/\/atmsfoundation.org\/wp-content\/uploads\/2023\/09\/logo_invest_in_africa.fw_-150x150.png\" class=\"attachment-thumbnail size-thumbnail\" alt=\"\" aria-describedby=\"gallery-1-9592\" srcset=\"https:\/\/atmsfoundation.org\/wp-content\/uploads\/2023\/09\/logo_invest_in_africa.fw_-150x150.png 150w, https:\/\/atmsfoundation.org\/wp-content\/uploads\/2023\/09\/logo_invest_in_africa.fw_-12x12.png 12w, https:\/\/atmsfoundation.org\/wp-content\/uploads\/2023\/09\/logo_invest_in_africa.fw_-240x240.png 240w, https:\/\/atmsfoundation.org\/wp-content\/uploads\/2023\/09\/logo_invest_in_africa.fw_.png 300w\" sizes=\"(max-width: 150px) 100vw, 150px\" \/>\n\t\t\t<\/dt>\n\t\t\t\t<dd class='wp-caption-text gallery-caption' id='gallery-1-9592'>\n\t\t\t\tInvest In Africa\n\t\t\t\t<\/dd><\/dl><br style=\"clear: both\" \/><dl class='gallery-item'>\n\t\t\t<dt class='gallery-icon landscape'>\n\t\t\t\t<img loading=\"lazy\" decoding=\"async\" width=\"150\" height=\"150\" src=\"https:\/\/atmsfoundation.org\/wp-content\/uploads\/2023\/09\/logo_investment_fund_dev.fw_-150x150.png\" class=\"attachment-thumbnail size-thumbnail\" alt=\"\" aria-describedby=\"gallery-1-9593\" srcset=\"https:\/\/atmsfoundation.org\/wp-content\/uploads\/2023\/09\/logo_investment_fund_dev.fw_-150x150.png 150w, https:\/\/atmsfoundation.org\/wp-content\/uploads\/2023\/09\/logo_investment_fund_dev.fw_-12x12.png 12w, https:\/\/atmsfoundation.org\/wp-content\/uploads\/2023\/09\/logo_investment_fund_dev.fw_-240x240.png 240w, https:\/\/atmsfoundation.org\/wp-content\/uploads\/2023\/09\/logo_investment_fund_dev.fw_.png 300w\" sizes=\"(max-width: 150px) 100vw, 150px\" \/>\n\t\t\t<\/dt>\n\t\t\t\t<dd class='wp-caption-text gallery-caption' id='gallery-1-9593'>\n\t\t\t\tInvestment Fund for Developing Countires\n\t\t\t\t<\/dd><\/dl><dl class='gallery-item'>\n\t\t\t<dt class='gallery-icon landscape'>\n\t\t\t\t<img loading=\"lazy\" decoding=\"async\" width=\"150\" height=\"150\" src=\"https:\/\/atmsfoundation.org\/wp-content\/uploads\/2023\/09\/logo_norfund.fw_-150x150.png\" class=\"attachment-thumbnail size-thumbnail\" alt=\"\" aria-describedby=\"gallery-1-9594\" srcset=\"https:\/\/atmsfoundation.org\/wp-content\/uploads\/2023\/09\/logo_norfund.fw_-150x150.png 150w, https:\/\/atmsfoundation.org\/wp-content\/uploads\/2023\/09\/logo_norfund.fw_-12x12.png 12w, https:\/\/atmsfoundation.org\/wp-content\/uploads\/2023\/09\/logo_norfund.fw_-240x240.png 240w, https:\/\/atmsfoundation.org\/wp-content\/uploads\/2023\/09\/logo_norfund.fw_.png 300w\" sizes=\"(max-width: 150px) 100vw, 150px\" \/>\n\t\t\t<\/dt>\n\t\t\t\t<dd class='wp-caption-text gallery-caption' id='gallery-1-9594'>\n\t\t\t\tThe Norwegian Investment Fund for Developing Countries\n\t\t\t\t<\/dd><\/dl><dl class='gallery-item'>\n\t\t\t<dt class='gallery-icon landscape'>\n\t\t\t\t<img loading=\"lazy\" decoding=\"async\" width=\"150\" height=\"150\" src=\"https:\/\/atmsfoundation.org\/wp-content\/uploads\/2023\/09\/logo_undp.fw_-150x150.png\" class=\"attachment-thumbnail size-thumbnail\" alt=\"\" aria-describedby=\"gallery-1-9595\" srcset=\"https:\/\/atmsfoundation.org\/wp-content\/uploads\/2023\/09\/logo_undp.fw_-150x150.png 150w, https:\/\/atmsfoundation.org\/wp-content\/uploads\/2023\/09\/logo_undp.fw_-12x12.png 12w, https:\/\/atmsfoundation.org\/wp-content\/uploads\/2023\/09\/logo_undp.fw_-240x240.png 240w, https:\/\/atmsfoundation.org\/wp-content\/uploads\/2023\/09\/logo_undp.fw_.png 300w\" sizes=\"(max-width: 150px) 100vw, 150px\" \/>\n\t\t\t<\/dt>\n\t\t\t\t<dd class='wp-caption-text gallery-caption' id='gallery-1-9595'>\n\t\t\t\tUnited Nations Development Programme\n\t\t\t\t<\/dd><\/dl>\n\t\t\t<br style='clear: both' \/>\n\t\t<\/div>\n\t\t<\/div>\n\t\t\t\t\t\t<\/div>\n\t\t\t\t<\/div>\n\t\t\t\t\t<\/div>\n\t\t<\/div>\n\t\t\t\t\t<\/div>\n\t\t<\/section>\n\t\t\t\t<\/div>","protected":false},"excerpt":{"rendered":"<p>Our Partners ATMS Foundation have been supported by many partners since its creation in 1989. Agence Francaise de D\u00e9veloppement African Development Bank Banco Portugu\u00eas de Investimento European Union Finnish Fund for Industrial Cooperation Ltd Nederlandse Financierings-Maatschappij voor Ontwikkelingslanden N.V. International Finance Corporation Invest In Africa Investment Fund for Developing Countires The Norwegian Investment Fund for [&hellip;]<\/p>","protected":false},"author":1,"featured_media":0,"parent":0,"menu_order":0,"comment_status":"closed","ping_status":"closed","template":"","meta":{"footnotes":""},"class_list":["post-9379","page","type-page","status-publish","hentry"],"_links":{"self":[{"href":"https:\/\/atmsfoundation.org\/fr\/wp-json\/wp\/v2\/pages\/9379","targetHints":{"allow":["GET"]}}],"collection":[{"href":"https:\/\/atmsfoundation.org\/fr\/wp-json\/wp\/v2\/pages"}],"about":[{"href":"https:\/\/atmsfoundation.org\/fr\/wp-json\/wp\/v2\/types\/page"}],"author":[{"embeddable":true,"href":"https:\/\/atmsfoundation.org\/fr\/wp-json\/wp\/v2\/users\/1"}],"replies":[{"embeddable":true,"href":"https:\/\/atmsfoundation.org\/fr\/wp-json\/wp\/v2\/comments?post=9379"}],"version-history":[{"count":23,"href":"https:\/\/atmsfoundation.org\/fr\/wp-json\/wp\/v2\/pages\/9379\/revisions"}],"predecessor-version":[{"id":10440,"href":"https:\/\/atmsfoundation.org\/fr\/wp-json\/wp\/v2\/pages\/9379\/revisions\/10440"}],"wp:attachment":[{"href":"https:\/\/atmsfoundation.org\/fr\/wp-json\/wp\/v2\/media?parent=9379"}],"curies":[{"name":"wp","href":"https:\/\/api.w.org\/{rel}","templated":true}]}}