{"id":8705,"date":"2023-04-04T15:05:59","date_gmt":"2023-04-04T15:05:59","guid":{"rendered":"https:\/\/atmsfoundation.org\/?page_id=8705"},"modified":"2023-10-04T15:25:45","modified_gmt":"2023-10-04T15:25:45","slug":"news","status":"publish","type":"page","link":"https:\/\/atmsfoundation.org\/fr\/news\/","title":{"rendered":"Actualit\u00e9s"},"content":{"rendered":"<div data-elementor-type=\"wp-page\" data-elementor-id=\"8705\" class=\"elementor elementor-8705\">\n\t\t\t\t\t\t<section class=\"elementor-section elementor-top-section elementor-element elementor-element-9c2e2af elementor-section-boxed elementor-section-height-default elementor-section-height-default\" data-id=\"9c2e2af\" data-element_type=\"section\">\n\t\t\t\t\t\t<div class=\"elementor-container elementor-column-gap-default\">\n\t\t\t\t\t<div class=\"elementor-column elementor-col-100 elementor-top-column elementor-element elementor-element-41262a4\" data-id=\"41262a4\" data-element_type=\"column\">\n\t\t\t<div class=\"elementor-widget-wrap elementor-element-populated\">\n\t\t\t\t\t\t<div class=\"elementor-element elementor-element-1313779 nav-left elementor-widget elementor-widget-wgl-blog\" data-id=\"1313779\" data-element_type=\"widget\" data-settings=\"{&quot;blog_columns&quot;:&quot;12&quot;}\" data-widget_type=\"wgl-blog.default\">\n\t\t\t\t<div class=\"elementor-widget-container\">\n\t\t\t\t\t<section class=\"wgl_cpt_section\"><div class=\"blog-posts\"><div class=\"container-grid row blog_columns-1 grid blog-style-standard\"><div class=\"wgl_col-12 item\"><div class=\"blog-post format-standard-image\"><div class=\"blog-post_wrapper\"><div class=\"blog-post_media\"><div class=\"blog-post_media_part\"><a href=\"https:\/\/atmsfoundation.org\/fr\/get-ready-for-giving-tuesday-2022\/\" class=\"media-link image-overlay\"><img decoding=\"async\" src=\"https:\/\/atmsfoundation.org\/wp-content\/uploads\/2020\/08\/blog_02-1170x360.jpg\" class=\"blog-img\" alt=\"blog_02\"><\/a><\/div><span class=\"post_categories\"><span><a href=\"https:\/\/atmsfoundation.org\/fr\/category\/grants\/\">SUBVENTIONS<\/a><\/span><\/span><\/div><div class=\"blog-post_content\"><div class=\"meta-data\"><span class=\"post_date\">juillet 24, 2023<\/span><\/div><h3 class=\"blog-post_title\"><a href=\"https:\/\/atmsfoundation.org\/fr\/get-ready-for-giving-tuesday-2022\/\">Get Ready For #Giving Tuesday 2022<\/a><\/h3><div class=\"blog-post_text\">[:en]Diam maecenas sed enim ut sem. Aliquet enim tortor at auctor urna. Quam pellentesque nec nam aliquam sem et tortor consequat. Facilisi morbi tempus iaculis urna id...<\/div><\/div><div class=\"blog-post_meta-wrap\"><div class=\"meta-info\"><div class=\"share_post-container\"><a href=\"#\"><\/a><div class=\"share_social-wpapper\"><ul><\/ul><\/div><\/div><\/div><\/div><\/div><\/div><\/div><div class=\"wgl_col-12 item\"><div class=\"blog-post format-standard-image\"><div class=\"blog-post_wrapper\"><div class=\"blog-post_media\"><div class=\"blog-post_media_part\"><a href=\"https:\/\/atmsfoundation.org\/fr\/african-student-thinking-to-solve-african-problems\/\" class=\"media-link image-overlay\"><img decoding=\"async\" src=\"https:\/\/atmsfoundation.org\/wp-content\/uploads\/2020\/08\/blog_08-1170x360.jpg\" class=\"blog-img blog-img\" alt=\"blog_08\"><\/a><\/div><span class=\"post_categories\"><span><a href=\"https:\/\/atmsfoundation.org\/fr\/category\/uncategorized\/\">Uncategorized<\/a><\/span><\/span><\/div><div class=\"blog-post_content\"><div class=\"meta-data\"><span class=\"post_date\">ao\u00fbt 26, 2020<\/span><\/div><h3 class=\"blog-post_title\"><a href=\"https:\/\/atmsfoundation.org\/fr\/african-student-thinking-to-solve-african-problems\/\">La r\u00e9flexion des \u00e9tudiants africains pour r\u00e9soudre les probl\u00e8mes africains<\/a><\/h3><div class=\"blog-post_text\">[:en]Massa tempor nec feugiat nisl pretium fusce id velit. Proin fermentum leo vel orci porta non pulvinar neque. Commodo sed egestas egestas fringilla phasellus...<\/div><\/div><div class=\"blog-post_meta-wrap\"><div class=\"meta-info\"><div class=\"share_post-container\"><a href=\"#\"><\/a><div class=\"share_social-wpapper\"><ul><\/ul><\/div><\/div><\/div><\/div><\/div><\/div><\/div><div class=\"wgl_col-12 item\"><div class=\"blog-post format-standard-image\"><div class=\"blog-post_wrapper\"><div class=\"blog-post_media\"><div class=\"blog-post_media_part\"><a href=\"https:\/\/atmsfoundation.org\/fr\/take-your-online-donation-to-the-next-level\/\" class=\"media-link image-overlay\"><img decoding=\"async\" src=\"https:\/\/atmsfoundation.org\/wp-content\/uploads\/2020\/08\/blog_01-1170x360.jpg\" class=\"blog-img blog-img blog-img\" alt=\"blog_01\"><\/a><\/div><span class=\"post_categories\"><span><a href=\"https:\/\/atmsfoundation.org\/fr\/category\/uncategorized\/\">Uncategorized<\/a><\/span><\/span><\/div><div class=\"blog-post_content\"><div class=\"meta-data\"><span class=\"post_date\">ao\u00fbt 25, 2020<\/span><\/div><h3 class=\"blog-post_title\"><a href=\"https:\/\/atmsfoundation.org\/fr\/take-your-online-donation-to-the-next-level\/\">Take Your Online Donation  to the Next Level!<\/a><\/h3><div class=\"blog-post_text\">[:en]Tellus mauris a diam maecenas sed enim ut sem. Viverra accumsan in nisl nisi scelerisque eu ultrices vitae. Pellentesque eu tincidunt tortor aliquam.[:fr]Tellus...<\/div><\/div><div class=\"blog-post_meta-wrap\"><div class=\"meta-info\"><div class=\"share_post-container\"><a href=\"#\"><\/a><div class=\"share_social-wpapper\"><ul><\/ul><\/div><\/div><\/div><\/div><\/div><\/div><\/div><\/div><\/div><\/section>\t\t\t\t<\/div>\n\t\t\t\t<\/div>\n\t\t\t\t\t<\/div>\n\t\t<\/div>\n\t\t\t\t\t<\/div>\n\t\t<\/section>\n\t\t\t\t<\/div>","protected":false},"excerpt":{"rendered":"<p>[:en] FOOD AND WATERAugust 26, 2020 African Student Thinking to Solve African Problems Massa tempor nec feugiat nisl pretium fusce id velit. Proin fermentum leo vel orci porta non pulvinar neque. Commodo sed egestas egestas fringilla phasellus faucibus&#8230; KIDS IN AFRICAAugust 26, 2020 We Asked. You Answered. Here is What We Heard A scelerisque purus [&hellip;]<\/p>","protected":false},"author":1,"featured_media":0,"parent":0,"menu_order":0,"comment_status":"closed","ping_status":"closed","template":"","meta":{"footnotes":""},"class_list":["post-8705","page","type-page","status-publish","hentry"],"_links":{"self":[{"href":"https:\/\/atmsfoundation.org\/fr\/wp-json\/wp\/v2\/pages\/8705","targetHints":{"allow":["GET"]}}],"collection":[{"href":"https:\/\/atmsfoundation.org\/fr\/wp-json\/wp\/v2\/pages"}],"about":[{"href":"https:\/\/atmsfoundation.org\/fr\/wp-json\/wp\/v2\/types\/page"}],"author":[{"embeddable":true,"href":"https:\/\/atmsfoundation.org\/fr\/wp-json\/wp\/v2\/users\/1"}],"replies":[{"embeddable":true,"href":"https:\/\/atmsfoundation.org\/fr\/wp-json\/wp\/v2\/comments?post=8705"}],"version-history":[{"count":4,"href":"https:\/\/atmsfoundation.org\/fr\/wp-json\/wp\/v2\/pages\/8705\/revisions"}],"predecessor-version":[{"id":10457,"href":"https:\/\/atmsfoundation.org\/fr\/wp-json\/wp\/v2\/pages\/8705\/revisions\/10457"}],"wp:attachment":[{"href":"https:\/\/atmsfoundation.org\/fr\/wp-json\/wp\/v2\/media?parent=8705"}],"curies":[{"name":"wp","href":"https:\/\/api.w.org\/{rel}","templated":true}]}}