{"id":8605,"date":"2023-03-31T14:19:10","date_gmt":"2023-03-31T14:19:10","guid":{"rendered":"https:\/\/atmsfoundation.org\/?page_id=8605"},"modified":"2023-10-04T09:16:03","modified_gmt":"2023-10-04T09:16:03","slug":"board","status":"publish","type":"page","link":"https:\/\/atmsfoundation.org\/fr\/board\/","title":{"rendered":"Les Administrateurs"},"content":{"rendered":"<div data-elementor-type=\"wp-page\" data-elementor-id=\"8605\" class=\"elementor elementor-8605\">\n\t\t\t\t\t\t<section class=\"elementor-section elementor-top-section elementor-element elementor-element-2c9e166 elementor-section-boxed elementor-section-height-default elementor-section-height-default\" data-id=\"2c9e166\" data-element_type=\"section\">\n\t\t\t\t\t\t<div class=\"elementor-container elementor-column-gap-default\">\n\t\t\t\t\t<div class=\"elementor-column elementor-col-100 elementor-top-column elementor-element elementor-element-517e53d\" data-id=\"517e53d\" data-element_type=\"column\">\n\t\t\t<div class=\"elementor-widget-wrap elementor-element-populated\">\n\t\t\t\t\t\t<div class=\"elementor-element elementor-element-ea78c12 elementor-widget elementor-widget-spacer\" data-id=\"ea78c12\" data-element_type=\"widget\" data-widget_type=\"spacer.default\">\n\t\t\t\t<div class=\"elementor-widget-container\">\n\t\t\t\t\t\t\t<div class=\"elementor-spacer\">\n\t\t\t<div class=\"elementor-spacer-inner\"><\/div>\n\t\t<\/div>\n\t\t\t\t\t\t<\/div>\n\t\t\t\t<\/div>\n\t\t\t\t\t<\/div>\n\t\t<\/div>\n\t\t\t\t\t<\/div>\n\t\t<\/section>\n\t\t\t\t<section class=\"elementor-section elementor-top-section elementor-element elementor-element-9dbcd24 elementor-section-boxed elementor-section-height-default elementor-section-height-default\" data-id=\"9dbcd24\" data-element_type=\"section\">\n\t\t\t\t\t\t<div class=\"elementor-container elementor-column-gap-default\">\n\t\t\t\t\t<div class=\"elementor-column elementor-col-100 elementor-top-column elementor-element elementor-element-5bfe3c5\" data-id=\"5bfe3c5\" data-element_type=\"column\">\n\t\t\t<div class=\"elementor-widget-wrap elementor-element-populated\">\n\t\t\t\t\t\t<div class=\"elementor-element elementor-element-0b70cad acenter elementor-widget elementor-widget-wgl-double-headings\" data-id=\"0b70cad\" data-element_type=\"widget\" data-widget_type=\"wgl-double-headings.default\">\n\t\t\t\t<div class=\"elementor-widget-container\">\n\t\t\t\t\t        <div class=\"wgl-double_heading\">                <div class=\"dbl__subtitle\"><span>L'Equipe<\/span>                <\/div><h3 class=\"dbl__title-wrapper\"><span class=\"dbl__title dbl-title_1\">Rencontrez Nos Administrateurs<\/span><\/h3>        <\/div>\t\t\t\t<\/div>\n\t\t\t\t<\/div>\n\t\t\t\t\t<\/div>\n\t\t<\/div>\n\t\t\t\t\t<\/div>\n\t\t<\/section>\n\t\t\t\t<section class=\"elementor-section elementor-top-section elementor-element elementor-element-1a079d8 elementor-section-boxed elementor-section-height-default elementor-section-height-default\" data-id=\"1a079d8\" data-element_type=\"section\">\n\t\t\t\t\t\t<div class=\"elementor-container elementor-column-gap-default\">\n\t\t\t\t\t<div class=\"elementor-column elementor-col-100 elementor-top-column elementor-element elementor-element-35e65e5\" data-id=\"35e65e5\" data-element_type=\"column\">\n\t\t\t<div class=\"elementor-widget-wrap elementor-element-populated\">\n\t\t\t\t\t\t<div class=\"elementor-element elementor-element-24aa9e1 elementor-widget elementor-widget-spacer\" data-id=\"24aa9e1\" data-element_type=\"widget\" data-widget_type=\"spacer.default\">\n\t\t\t\t<div class=\"elementor-widget-container\">\n\t\t\t\t\t\t\t<div class=\"elementor-spacer\">\n\t\t\t<div class=\"elementor-spacer-inner\"><\/div>\n\t\t<\/div>\n\t\t\t\t\t\t<\/div>\n\t\t\t\t<\/div>\n\t\t\t\t\t<\/div>\n\t\t<\/div>\n\t\t\t\t\t<\/div>\n\t\t<\/section>\n\t\t\t\t<section class=\"elementor-section elementor-top-section elementor-element elementor-element-dad1539 elementor-section-boxed elementor-section-height-default elementor-section-height-default\" data-id=\"dad1539\" data-element_type=\"section\">\n\t\t\t\t\t\t<div class=\"elementor-container elementor-column-gap-default\">\n\t\t\t\t\t<div class=\"elementor-column elementor-col-100 elementor-top-column elementor-element elementor-element-7cb02b0\" data-id=\"7cb02b0\" data-element_type=\"column\">\n\t\t\t<div class=\"elementor-widget-wrap elementor-element-populated\">\n\t\t\t\t\t\t<div class=\"elementor-element elementor-element-1666436 elementor-widget elementor-widget-text-editor\" data-id=\"1666436\" data-element_type=\"widget\" data-widget_type=\"text-editor.default\">\n\t\t\t\t<div class=\"elementor-widget-container\">\n\t\t\t\t\t\t\t\t\t<p>Nous sommes soutenus par un conseil d'administration actif, compos\u00e9 de professionnels poss\u00e9dant une exp\u00e9rience consid\u00e9rable dans le domaine du d\u00e9veloppement, de la diplomatie internationale et des droits de l'homme.<\/p>\t\t\t\t\t\t\t\t<\/div>\n\t\t\t\t<\/div>\n\t\t\t\t\t<\/div>\n\t\t<\/div>\n\t\t\t\t\t<\/div>\n\t\t<\/section>\n\t\t\t\t<section class=\"elementor-section elementor-top-section elementor-element elementor-element-a08fe43 elementor-section-boxed elementor-section-height-default elementor-section-height-default\" data-id=\"a08fe43\" data-element_type=\"section\">\n\t\t\t\t\t\t<div class=\"elementor-container elementor-column-gap-default\">\n\t\t\t\t\t<div class=\"elementor-column elementor-col-100 elementor-top-column elementor-element elementor-element-6e9c1e6\" data-id=\"6e9c1e6\" data-element_type=\"column\">\n\t\t\t<div class=\"elementor-widget-wrap elementor-element-populated\">\n\t\t\t\t\t\t<div class=\"elementor-element elementor-element-396ba5e elementor-widget elementor-widget-wgl-team\" data-id=\"396ba5e\" data-element_type=\"widget\" data-widget_type=\"wgl-team.default\">\n\t\t\t\t<div class=\"elementor-widget-container\">\n\t\t\t\t\t<div class=\"wgl_module_team team-col_3 acenter\"><div class=\"team-items_wrap\"><div class=\"team-item\"><div class=\"team-item_wrap\"><div class=\"team__media-wrapper\"><div class=\"team__image-wrapper\"><div class=\"team__image\"><img decoding=\"async\" class=\"team-img\" src=\"https:\/\/atmsfoundation.org\/wp-content\/uploads\/2020\/08\/Jan_Berteling-720x780.jpg\" alt=\"\" \/><\/div><\/div><\/div><div class=\"team-item_info\"><h2 class=\"team-title\">Jan Berteling<\/h2><\/div><\/div><\/div><div class=\"team-item\"><div class=\"team-item_wrap\"><div class=\"team__media-wrapper\"><div class=\"team__image-wrapper\"><div class=\"team__image\"><img decoding=\"async\" class=\"team-img\" src=\"https:\/\/atmsfoundation.org\/wp-content\/uploads\/2020\/08\/Sven_Riskaer-720x780.jpg\" alt=\"\" \/><\/div><\/div><\/div><div class=\"team-item_info\"><h2 class=\"team-title\">Sven Riskaer<\/h2><\/div><\/div><\/div><div class=\"team-item\"><div class=\"team-item_wrap\"><div class=\"team__media-wrapper\"><div class=\"team__image-wrapper\"><div class=\"team__image\"><img decoding=\"async\" class=\"team-img\" src=\"https:\/\/atmsfoundation.org\/wp-content\/uploads\/2020\/08\/bakri_abdul_karim-720x780.jpg\" alt=\"\" \/><\/div><\/div><\/div><div class=\"team-item_info\"><h2 class=\"team-title\">Bakri Abdul Karim<\/h2><\/div><\/div><\/div><\/div><\/div>\t\t\t\t<\/div>\n\t\t\t\t<\/div>\n\t\t\t\t\t<\/div>\n\t\t<\/div>\n\t\t\t\t\t<\/div>\n\t\t<\/section>\n\t\t\t\t<\/div>","protected":false},"excerpt":{"rendered":"<p>team Meet Our Trustees We are supported by an active Board of Trustees, comprised of professionals with considerable experience in development, international diplomacy and human rights. Jan Berteling Sven Riskaer Bakri Abdul Karim<\/p>","protected":false},"author":1,"featured_media":0,"parent":0,"menu_order":0,"comment_status":"closed","ping_status":"closed","template":"","meta":{"footnotes":""},"class_list":["post-8605","page","type-page","status-publish","hentry"],"_links":{"self":[{"href":"https:\/\/atmsfoundation.org\/fr\/wp-json\/wp\/v2\/pages\/8605","targetHints":{"allow":["GET"]}}],"collection":[{"href":"https:\/\/atmsfoundation.org\/fr\/wp-json\/wp\/v2\/pages"}],"about":[{"href":"https:\/\/atmsfoundation.org\/fr\/wp-json\/wp\/v2\/types\/page"}],"author":[{"embeddable":true,"href":"https:\/\/atmsfoundation.org\/fr\/wp-json\/wp\/v2\/users\/1"}],"replies":[{"embeddable":true,"href":"https:\/\/atmsfoundation.org\/fr\/wp-json\/wp\/v2\/comments?post=8605"}],"version-history":[{"count":19,"href":"https:\/\/atmsfoundation.org\/fr\/wp-json\/wp\/v2\/pages\/8605\/revisions"}],"predecessor-version":[{"id":10437,"href":"https:\/\/atmsfoundation.org\/fr\/wp-json\/wp\/v2\/pages\/8605\/revisions\/10437"}],"wp:attachment":[{"href":"https:\/\/atmsfoundation.org\/fr\/wp-json\/wp\/v2\/media?parent=8605"}],"curies":[{"name":"wp","href":"https:\/\/api.w.org\/{rel}","templated":true}]}}